{"id":5712,"date":"2022-02-17T03:11:18","date_gmt":"2022-02-17T03:11:18","guid":{"rendered":"http:\/\/www.thomasfritsch.fr\/artists\/"},"modified":"2022-06-07T13:59:13","modified_gmt":"2022-06-07T13:59:13","slug":"artists","status":"publish","type":"page","link":"https:\/\/thomasfritsch.fr\/en\/artists\/","title":{"rendered":"Artists"},"content":{"rendered":"\t\t<div data-elementor-type=\"wp-page\" data-elementor-id=\"5712\" class=\"elementor elementor-5712 elementor-12\" data-elementor-post-type=\"page\">\n\t\t\t\t\t\t<section class=\"elementor-section elementor-top-section elementor-element elementor-element-e4122ab elementor-section-boxed elementor-section-height-default elementor-section-height-default\" data-id=\"e4122ab\" data-element_type=\"section\">\n\t\t\t\t\t\t<div class=\"elementor-container elementor-column-gap-default\">\n\t\t\t\t\t<div class=\"elementor-column elementor-col-100 elementor-top-column elementor-element elementor-element-be9c544\" data-id=\"be9c544\" data-element_type=\"column\">\n\t\t\t<div class=\"elementor-widget-wrap elementor-element-populated\">\n\t\t\t\t\t\t<div class=\"elementor-element elementor-element-88a31c3 menu-align-center elementor-widget elementor-widget-taxonomy-terms-menu\" data-id=\"88a31c3\" data-element_type=\"widget\" data-widget_type=\"taxonomy-terms-menu.default\">\n\t\t\t\t<div class=\"elementor-widget-container\">\n\t\t\t\t\t<nav class=\"dce-menu dce-flex-menu horizontal\"><ul class=\"first-level\"><li class=\"dce-term-148\"><a href=\"https:\/\/thomasfritsch.fr\/en\/artistes\/accolay-en\/\"><img decoding=\"async\" src=\"https:\/\/thomasfritsch.fr\/wp-content\/uploads\/2025\/04\/ACCOLAY_VASE_PICHET_TQG.jpg\" alt=\"ACCOLAY\" \/><span>ACCOLAY<\/span><\/a><\/li><li class=\"dce-term-149\"><a href=\"https:\/\/thomasfritsch.fr\/en\/artistes\/michel-anasse-en\/\"><img decoding=\"async\" src=\"https:\/\/thomasfritsch.fr\/wp-content\/uploads\/2025\/10\/ANASSE_VASE_COQ_BLANC_BRUN_DOUBLE_CRETE_QUEUE_PROFG-scaled.jpg\" alt=\"Michel ANASSE\" \/><span>Michel ANASSE<\/span><\/a><\/li><li class=\"dce-term-150\"><a href=\"https:\/\/thomasfritsch.fr\/en\/artistes\/nicole-anasse-en\/\"><img decoding=\"async\" src=\"https:\/\/thomasfritsch.fr\/wp-content\/uploads\/2026\/02\/ANASSE_BOUT_BLANC_FACE1_BORD.jpg\" alt=\"Nicole ANASSE\" \/><span>Nicole ANASSE<\/span><\/a><\/li><li class=\"dce-term-219\"><a href=\"https:\/\/thomasfritsch.fr\/en\/artistes\/robert-auguste-en\/\"><img decoding=\"async\" src=\"https:\/\/thomasfritsch.fr\/wp-content\/uploads\/2023\/05\/AUGUSTE_COUPE_JAUNE_BLEU_NOIR_FACEA-scaled.jpg\" alt=\"Robert AUGUSTE\" \/><span>Robert AUGUSTE<\/span><\/a><\/li><li class=\"dce-term-147\"><a href=\"https:\/\/thomasfritsch.fr\/en\/artistes\/franz-beer-en\/\"><img decoding=\"async\" src=\"https:\/\/thomasfritsch.fr\/wp-content\/uploads\/2023\/03\/BEER_29_65_FACE-scaled.jpg\" alt=\"Franz BEER\" \/><span>Franz BEER<\/span><\/a><\/li><li class=\"dce-term-151\"><a href=\"https:\/\/thomasfritsch.fr\/en\/artistes\/jacques-blin-en\/\"><img decoding=\"async\" src=\"https:\/\/thomasfritsch.fr\/wp-content\/uploads\/2024\/03\/BLIN_LAMPE_ORANGE_VILLE_FACEA_ABAT-scaled.jpg\" alt=\"Jacques BLIN\" \/><span>Jacques BLIN<\/span><\/a><\/li><li class=\"dce-term-152\"><a href=\"https:\/\/thomasfritsch.fr\/en\/artistes\/andre-borderie-en\/\"><img decoding=\"async\" src=\"https:\/\/thomasfritsch.fr\/wp-content\/uploads\/2025\/07\/BORDERIE_BSZ_TABLE_BLEUE_TQD.jpg\" alt=\"Andr\u00e9 BORDERIE\" \/><span>Andr\u00e9 BORDERIE<\/span><\/a><\/li><li class=\"dce-term-236\"><a href=\"https:\/\/thomasfritsch.fr\/en\/artistes\/bernard-boutet-de-monvel-en\/\"><img decoding=\"async\" src=\"https:\/\/thomasfritsch.fr\/wp-content\/uploads\/2025\/09\/BOUTET_DE_MONVEL_CANAL_DU_LOING.jpg\" alt=\"Bernard BOUTET de MONVEL\" \/><span>Bernard BOUTET de MONVEL<\/span><\/a><\/li><li class=\"dce-term-155\"><a href=\"https:\/\/thomasfritsch.fr\/en\/artistes\/rene-jean-caillette-en\/\"><img decoding=\"async\" src=\"https:\/\/thomasfritsch.fr\/wp-content\/uploads\/2022\/04\/CAILLETTE_CHAISE_BUREAU.jpg\" alt=\"Ren\u00e9-Jean CAILLETTE\" \/><span>Ren\u00e9-Jean CAILLETTE<\/span><\/a><\/li><li class=\"dce-term-137\"><a href=\"https:\/\/thomasfritsch.fr\/en\/artistes\/roger-capron-en\/\"><img decoding=\"async\" src=\"https:\/\/thomasfritsch.fr\/wp-content\/uploads\/2025\/10\/CAPRON_VASE_OREILLES_GM_DAMIER.jpg\" alt=\"Roger CAPRON\" \/><span>Roger CAPRON<\/span><\/a><\/li><li class=\"dce-term-138\"><a href=\"https:\/\/thomasfritsch.fr\/en\/artistes\/pol-chambost-en\/\"><img decoding=\"async\" src=\"https:\/\/thomasfritsch.fr\/wp-content\/uploads\/2023\/10\/CHAMBOST_LAMPE_VASE_BUSTE_1044_BLANC_NOIR_4_ELEC_FACE_ABAT-scaled.jpg\" alt=\"Pol CHAMBOST\" \/><span>Pol CHAMBOST<\/span><\/a><\/li><li class=\"dce-term-156\"><a href=\"https:\/\/thomasfritsch.fr\/en\/artistes\/roger-collet-en\/\"><img decoding=\"async\" src=\"https:\/\/thomasfritsch.fr\/wp-content\/uploads\/2024\/11\/COLLET_2VASES_BOUT_BLANC_BRUN_FACEA.jpg\" alt=\"Roger COLLET\" \/><span>Roger COLLET<\/span><\/a><\/li><li class=\"dce-term-157\"><a href=\"https:\/\/thomasfritsch.fr\/en\/artistes\/robert-deblander-en\/\"><img decoding=\"async\" src=\"https:\/\/thomasfritsch.fr\/wp-content\/uploads\/2023\/05\/DEBLANDER_VASE_SCULPTURE_MONUMENTAL_BRUN_TQG-scaled.jpg\" alt=\"Robert DEBLANDER\" \/><span>Robert DEBLANDER<\/span><\/a><\/li><li class=\"dce-term-139\"><a href=\"https:\/\/thomasfritsch.fr\/en\/artistes\/juliette-derel-rivier-en\/\"><img decoding=\"async\" src=\"https:\/\/thomasfritsch.fr\/wp-content\/uploads\/2026\/02\/DEREL_VASE_CUBE_SUSPENDU_VERT_FACE-scaled.jpg\" alt=\"Juliette DEREL\" \/><span>Juliette DEREL<\/span><\/a><\/li><li class=\"dce-term-230\"><a href=\"https:\/\/thomasfritsch.fr\/en\/artistes\/marcel-derny-en\/\"><img decoding=\"async\" src=\"https:\/\/thomasfritsch.fr\/wp-content\/uploads\/2025\/06\/DERNY_SCULPTURE_COUPE_OISEAU_LYRE_GRES_SEVRES_FACEB-scaled.jpg\" alt=\"Marcel DERNY - Manufacture of SEVRES\" \/><span>Marcel DERNY - Manufacture of SEVRES<\/span><\/a><\/li><li class=\"dce-term-140\"><a href=\"https:\/\/thomasfritsch.fr\/en\/artistes\/jean-derval-en\/\"><img decoding=\"async\" src=\"https:\/\/thomasfritsch.fr\/wp-content\/uploads\/2025\/10\/DERVAL_VASE_BOUT_3HOMMES_2_FACEA-scaled.jpg\" alt=\"Jean DERVAL\" \/><span>Jean DERVAL<\/span><\/a><\/li><li class=\"dce-term-232\"><a href=\"https:\/\/thomasfritsch.fr\/en\/artistes\/carlos-fernadez\/\"><img decoding=\"async\" src=\"https:\/\/thomasfritsch.fr\/wp-content\/uploads\/2025\/06\/FERNANDEZ_VASE_PICHET_TGM_BLANC_PROFD-scaled.jpg\" alt=\"Carlos FERNANDEZ\" \/><span>Carlos FERNANDEZ<\/span><\/a><\/li><li class=\"dce-term-158\"><a href=\"https:\/\/thomasfritsch.fr\/en\/artistes\/denise-gatard-en\/\"><img decoding=\"async\" src=\"https:\/\/thomasfritsch.fr\/wp-content\/uploads\/2024\/06\/GATARD_LAMPE_BLANC_JAUNE_PROF_ABAT.jpg\" alt=\"Denise GATARD\" \/><span>Denise GATARD<\/span><\/a><\/li><li class=\"dce-term-160\"><a href=\"https:\/\/thomasfritsch.fr\/en\/artistes\/pierre-guariche-en\/\"><img decoding=\"async\" src=\"https:\/\/thomasfritsch.fr\/wp-content\/uploads\/2022\/04\/GUARICHE_TABLES_AQUILONS.jpg\" alt=\"Pierre GUARICHE\" \/><span>Pierre GUARICHE<\/span><\/a><\/li><li class=\"dce-term-218\"><a href=\"https:\/\/thomasfritsch.fr\/en\/artistes\/gyn-gausserand-en\/\"><img decoding=\"async\" src=\"https:\/\/thomasfritsch.fr\/wp-content\/uploads\/2023\/05\/AUGUSTE_VASE_BALUSTRE_GRIS_NOIR_ORANGE_FACEA-scaled.jpg\" alt=\"Gyn GAUSSERAND\" \/><span>Gyn GAUSSERAND<\/span><\/a><\/li><li class=\"dce-term-161\"><a href=\"https:\/\/thomasfritsch.fr\/en\/artistes\/vassil-ivanoff-en\/\"><img decoding=\"async\" src=\"https:\/\/thomasfritsch.fr\/wp-content\/uploads\/2022\/04\/IVANOFF_VASE_BALUSTRE_ROUGE_SANG.jpg\" alt=\"Vassil IVANOFF\" \/><span>Vassil IVANOFF<\/span><\/a><\/li><li class=\"dce-term-162\"><a href=\"https:\/\/thomasfritsch.fr\/en\/artistes\/mado-jolain-en\/\"><img decoding=\"async\" src=\"https:\/\/thomasfritsch.fr\/wp-content\/uploads\/2022\/04\/JOLAIN_VASE_OREILLES_NOIR_BLEU_FACEA-1.jpg\" alt=\"Mado JOLAIN\" \/><span>Mado JOLAIN<\/span><\/a><\/li><li class=\"dce-term-186\"><a href=\"https:\/\/thomasfritsch.fr\/en\/artistes\/elisabeth-joulia-en\/\"><img decoding=\"async\" src=\"https:\/\/thomasfritsch.fr\/wp-content\/uploads\/2023\/05\/JOULIA_2_VASES_CHATAIGNES_PROFD-scaled.jpg\" alt=\"Elisabeth JOULIA\" \/><span>Elisabeth JOULIA<\/span><\/a><\/li><li class=\"dce-term-141\"><a href=\"https:\/\/thomasfritsch.fr\/en\/artistes\/georges-jouve-en\/\"><img decoding=\"async\" src=\"https:\/\/thomasfritsch.fr\/wp-content\/uploads\/2023\/10\/JOUVE_LAMPE_BOUT_TGM_VERT_SPIRALE_2_ABAT-scaled.jpg\" alt=\"Georges JOUVE\" \/><span>Georges JOUVE<\/span><\/a><\/li><li class=\"dce-term-163\"><a href=\"https:\/\/thomasfritsch.fr\/en\/artistes\/alexandre-kostanda-en\/\"><img decoding=\"async\" src=\"https:\/\/thomasfritsch.fr\/wp-content\/uploads\/2022\/05\/KOSTANDA_BOUT_BEIGE_TGM.jpg\" alt=\"Alexandre KOSTANDA\" \/><span>Alexandre KOSTANDA<\/span><\/a><\/li><li class=\"dce-term-174\"><a href=\"https:\/\/thomasfritsch.fr\/en\/artistes\/jacqueline-lecoq-en\/\"><img decoding=\"async\" src=\"https:\/\/thomasfritsch.fr\/wp-content\/uploads\/2022\/05\/PHILLIPON_LECOQ_MEUBLE_HAUT2_FACE.jpg\" alt=\"Jacqueline LECOQ\" \/><span>Jacqueline LECOQ<\/span><\/a><\/li><li class=\"dce-term-213\"><a href=\"https:\/\/thomasfritsch.fr\/en\/artistes\/jacques-lenoble-en\/\"><img decoding=\"async\" src=\"https:\/\/thomasfritsch.fr\/wp-content\/uploads\/2023\/05\/LENOBLE_VASE_CYLINDRE_ROUGE_CRAQ-scaled.jpg\" alt=\"Jacques LENOBLE\" \/><span>Jacques LENOBLE<\/span><\/a><\/li><li class=\"dce-term-164\"><a href=\"https:\/\/thomasfritsch.fr\/en\/artistes\/jean-lerat-en\/\"><img decoding=\"async\" src=\"https:\/\/thomasfritsch.fr\/wp-content\/uploads\/2023\/10\/LERAT_SCULPTURE_OISEAU_TRIANGLE_FACEA-scaled.jpg\" alt=\"Jean LERAT\" \/><span>Jean LERAT<\/span><\/a><\/li><li class=\"dce-term-165\"><a href=\"https:\/\/thomasfritsch.fr\/en\/artistes\/jacqueline-lerat-en\/\"><img decoding=\"async\" src=\"https:\/\/thomasfritsch.fr\/wp-content\/uploads\/2025\/04\/LERAT_VASE_PIQUE_FLEURS_COUPLE_1946_FACE-scaled.jpg\" alt=\"Jacqueline LERAT\" \/><span>Jacqueline LERAT<\/span><\/a><\/li><li class=\"dce-term-187\"><a href=\"https:\/\/thomasfritsch.fr\/en\/artistes\/les-2-potiers-en\/\"><img decoding=\"async\" src=\"https:\/\/thomasfritsch.fr\/wp-content\/uploads\/2022\/12\/2POTIERS_TABLE_BASSE_CARREE_4_TQG-scaled.jpg\" alt=\"LES 2 POTIERS\" \/><span>LES 2 POTIERS<\/span><\/a><\/li><li class=\"dce-term-142\"><a href=\"https:\/\/thomasfritsch.fr\/en\/artistes\/jean-claude-malarmey-en\/\"><img decoding=\"async\" src=\"https:\/\/thomasfritsch.fr\/wp-content\/uploads\/2022\/02\/MALARMEY_VASE_BOULE_TGM_OISEAU_FACE1-resized.jpg\" alt=\"Jean-Claude MALARMEY\" \/><span>Jean-Claude MALARMEY<\/span><\/a><\/li><li class=\"dce-term-166\"><a href=\"https:\/\/thomasfritsch.fr\/en\/artistes\/andre-aleth-masson-en\/\"><img decoding=\"async\" src=\"https:\/\/thomasfritsch.fr\/wp-content\/uploads\/2022\/05\/MASSON_VIDE_POCHE_OR_JAUNE.jpg\" alt=\"Andr\u00e9 Aleth MASSON\" \/><span>Andr\u00e9 Aleth MASSON<\/span><\/a><\/li><li class=\"dce-term-170\"><a href=\"https:\/\/thomasfritsch.fr\/en\/artistes\/mathieu-mategot-en\/\"><img decoding=\"async\" src=\"https:\/\/thomasfritsch.fr\/wp-content\/uploads\/2022\/05\/MATEGOT_CHAISE_PANAMERO_TQG.jpg\" alt=\"Mathieu MATEGOT\" \/><span>Mathieu MATEGOT<\/span><\/a><\/li><li class=\"dce-term-240\"><a href=\"https:\/\/thomasfritsch.fr\/en\/artistes\/lea-mestres-en\/\"><img decoding=\"async\" src=\"https:\/\/thomasfritsch.fr\/wp-content\/uploads\/2025\/09\/MESTRES_TABOURET_MARBRE-scaled.jpg\" alt=\"L\u00e9a MESTRES\" \/><span>L\u00e9a MESTRES<\/span><\/a><\/li><li class=\"dce-term-171\"><a href=\"https:\/\/thomasfritsch.fr\/en\/artistes\/guillaume-met-de-penninghen-en\/\"><img decoding=\"async\" src=\"https:\/\/thomasfritsch.fr\/wp-content\/uploads\/2022\/05\/MET_OBUS_ANSES.jpg\" alt=\"Guillaume MET DE PENNINGHEN\" \/><span>Guillaume MET DE PENNINGHEN<\/span><\/a><\/li><li class=\"dce-term-172\"><a href=\"https:\/\/thomasfritsch.fr\/en\/artistes\/peter-orlando-en\/\"><img decoding=\"async\" src=\"https:\/\/thomasfritsch.fr\/wp-content\/uploads\/2022\/05\/ORLANDO_VASE_TRIANGLE_GRIS_FACE.jpg\" alt=\"Peter ORLANDO\" \/><span>Peter ORLANDO<\/span><\/a><\/li><li class=\"dce-term-173\"><a href=\"https:\/\/thomasfritsch.fr\/en\/artistes\/antoine-philippon-en\/\"><img decoding=\"async\" src=\"https:\/\/thomasfritsch.fr\/wp-content\/uploads\/2022\/05\/PHILLIPON_LECOQ_MEUBLE_HAUT2_FACE.jpg\" alt=\"Antoine PHILIPPON\" \/><span>Antoine PHILIPPON<\/span><\/a><\/li><li class=\"dce-term-175\"><a href=\"https:\/\/thomasfritsch.fr\/en\/artistes\/pablo-picasso-en\/\"><img decoding=\"async\" src=\"https:\/\/thomasfritsch.fr\/wp-content\/uploads\/2024\/11\/PICASSO_PERSONNAGE_PLATRE_FACE.jpg\" alt=\"Pablo PICASSO\" \/><span>Pablo PICASSO<\/span><\/a><\/li><li class=\"dce-term-177\"><a href=\"https:\/\/thomasfritsch.fr\/en\/artistes\/gilbert-portanier-en\/\"><img decoding=\"async\" src=\"https:\/\/thomasfritsch.fr\/wp-content\/uploads\/2022\/05\/PORTANIER_VASE_CYLINDRE_BLEU_FACEA.jpg\" alt=\"Gilbert PORTANIER\" \/><span>Gilbert PORTANIER<\/span><\/a><\/li><li class=\"dce-term-143\"><a href=\"https:\/\/thomasfritsch.fr\/en\/artistes\/jacques-pouchain-en\/\"><img decoding=\"async\" src=\"https:\/\/thomasfritsch.fr\/wp-content\/uploads\/2025\/03\/POUCHAIN_COUPE_PIED_OISEAU_FACE.jpg\" alt=\"Jacques POUCHAIN\" \/><span>Jacques POUCHAIN<\/span><\/a><\/li><li class=\"dce-term-178\"><a href=\"https:\/\/thomasfritsch.fr\/en\/artistes\/primavera-en\/\"><img decoding=\"async\" src=\"https:\/\/thomasfritsch.fr\/wp-content\/uploads\/2025\/03\/PRIMAVERA_PT_VASE.jpg\" alt=\"PRIMAVERA\" \/><span>PRIMAVERA<\/span><\/a><\/li><li class=\"dce-term-179\"><a href=\"https:\/\/thomasfritsch.fr\/en\/artistes\/suzanne-ramie-madoura-en\/\"><img decoding=\"async\" src=\"https:\/\/thomasfritsch.fr\/wp-content\/uploads\/2023\/09\/MADOURA_VASE_VEGETAL_NOIR_2_FACE-scaled.jpg\" alt=\"Suzanne RAMIE \u2013 MADOURA\" \/><span>Suzanne RAMIE \u2013 MADOURA<\/span><\/a><\/li><li class=\"dce-term-248\"><a href=\"https:\/\/thomasfritsch.fr\/en\/artistes\/alain-richard-en\/\"><img decoding=\"async\" src=\"https:\/\/thomasfritsch.fr\/wp-content\/uploads\/2025\/09\/RICHARD_DISDEROT_LAMPE_A31_TQAV-scaled.jpg\" alt=\"Alain RICHARD\" \/><span>Alain RICHARD<\/span><\/a><\/li><li class=\"dce-term-221\"><a href=\"https:\/\/thomasfritsch.fr\/en\/artistes\/jean-rivier-en\/\"><img decoding=\"async\" src=\"https:\/\/thomasfritsch.fr\/wp-content\/uploads\/2023\/07\/RIVIER_BOUT_TGM_BLEU_565-scaled.jpg\" alt=\"Jean RIVIER\" \/><span>Jean RIVIER<\/span><\/a><\/li><li class=\"dce-term-181\"><a href=\"https:\/\/thomasfritsch.fr\/en\/artistes\/pierre-roulot-en\/\"><img decoding=\"async\" src=\"https:\/\/thomasfritsch.fr\/wp-content\/uploads\/2022\/05\/ROULOT_COUPE_OISEAU_1955_DESSUS_V3.jpg\" alt=\"Pierre ROULOT\" \/><span>Pierre ROULOT<\/span><\/a><\/li><li class=\"dce-term-144\"><a href=\"https:\/\/thomasfritsch.fr\/en\/artistes\/andre-rozay-en\/\"><img decoding=\"async\" src=\"https:\/\/thomasfritsch.fr\/wp-content\/uploads\/2023\/05\/ROZAY_VASE_SPIRALES_GRES_FACE-scaled.jpg\" alt=\"Andr\u00e9 ROZAY\" \/><span>Andr\u00e9 ROZAY<\/span><\/a><\/li><li class=\"dce-term-145\"><a href=\"https:\/\/thomasfritsch.fr\/en\/artistes\/jacques-ruelland-en\/\"><img decoding=\"async\" src=\"https:\/\/thomasfritsch.fr\/wp-content\/uploads\/2025\/01\/RUELLAND_JEU_ORGUES_BLANC_GRIS_7X-scaled.jpg\" alt=\"Jacques RUELLAND\" \/><span>Jacques RUELLAND<\/span><\/a><\/li><li class=\"dce-term-168\"><a href=\"https:\/\/thomasfritsch.fr\/en\/artistes\/dani-ruelland-en\/\"><img decoding=\"async\" src=\"https:\/\/thomasfritsch.fr\/wp-content\/uploads\/2024\/10\/RUELLAND_3_BOUT_FINES_NOIR_2-scaled.jpg\" alt=\"Dani RUELLAND\" \/><span>Dani RUELLAND<\/span><\/a><\/li><li class=\"dce-term-250\"><a href=\"https:\/\/thomasfritsch.fr\/en\/artistes\/philippe-starck-en\/\"><img decoding=\"async\" src=\"https:\/\/thomasfritsch.fr\/wp-content\/uploads\/2025\/09\/STARCK_FIAM_TABLE_ILLUSION_TQD-scaled.jpg\" alt=\"Philippe STARCK\" \/><span>Philippe STARCK<\/span><\/a><\/li><li class=\"dce-term-242\"><a href=\"https:\/\/thomasfritsch.fr\/en\/artistes\/gustave-stoskopf-en\/\"><img decoding=\"async\" src=\"https:\/\/thomasfritsch.fr\/wp-content\/uploads\/2025\/09\/STOSKOPF_PAYSAN_ALSACIEN_1930-scaled.jpg\" alt=\"Gustave STOSKOPF\" \/><span>Gustave STOSKOPF<\/span><\/a><\/li><li class=\"dce-term-146\"><a href=\"https:\/\/thomasfritsch.fr\/en\/artistes\/vera-szekely-en\/\"><img decoding=\"async\" src=\"https:\/\/thomasfritsch.fr\/wp-content\/uploads\/2022\/05\/BSZ_COUPE_ENROULEE_LIGNE.jpg\" alt=\"Vera SZEKELY\" \/><span>Vera SZEKELY<\/span><\/a><\/li><li class=\"dce-term-185\"><a href=\"https:\/\/thomasfritsch.fr\/en\/artistes\/pierre-szekely-en\/\"><img decoding=\"async\" src=\"https:\/\/thomasfritsch.fr\/wp-content\/uploads\/2022\/05\/SZEKELY_COUPE_TRIANGLE_GRIS_BLANC_BLEU.jpg\" alt=\"Pierre SZEKELY\" \/><span>Pierre SZEKELY<\/span><\/a><\/li><li class=\"dce-term-217\"><a href=\"https:\/\/thomasfritsch.fr\/en\/artistes\/gustave-tiffoche-en\/\"><img decoding=\"async\" src=\"https:\/\/thomasfritsch.fr\/wp-content\/uploads\/2023\/05\/TIFFOCHE_VASE_2_TROUS_GRES_FACEA-scaled.jpg\" alt=\"Gustave TIFFOCHE\" \/><span>Gustave TIFFOCHE<\/span><\/a><\/li><li class=\"dce-term-167\"><a href=\"https:\/\/thomasfritsch.fr\/en\/artistes\/gilbert-valentin-en\/\"><img decoding=\"async\" src=\"https:\/\/thomasfritsch.fr\/wp-content\/uploads\/2022\/10\/VALENTIN_VASE_OISEAU_NOIR_JAUNE_FACEA-scaled.jpg\" alt=\"Gilbert VALENTIN \u2013 Atelier LES ARCHANGES\" \/><span>Gilbert VALENTIN \u2013 Atelier LES ARCHANGES<\/span><\/a><\/li><li class=\"dce-term-228\"><a href=\"https:\/\/thomasfritsch.fr\/en\/artistes\/frederic-watteel-en-2\/\"><img decoding=\"async\" src=\"https:\/\/thomasfritsch.fr\/wp-content\/uploads\/2025\/03\/WATTEEL_SCULPTURE_OISEAU_GRES_BLEU_PROFD-scaled.jpg\" alt=\"Fr\u00e9d\u00e9ric WATTEEL\" \/><span>Fr\u00e9d\u00e9ric WATTEEL<\/span><\/a><\/li><\/ul><\/nav>\t\t\t\t<\/div>\n\t\t\t\t<\/div>\n\t\t\t\t\t<\/div>\n\t\t<\/div>\n\t\t\t\t\t<\/div>\n\t\t<\/section>\n\t\t\t\t<\/div>\n\t\t","protected":false},"excerpt":{"rendered":"<p>ACCOLAY Michel ANASSE Nicole ANASSE Jean AUSTRUY Franz BEER Marius BESSONE Huguette BESSONE Jacques BLIN Andr\u00e9 BORDERIE Ren\u00e9-Jean CAILLETTE Roger CAPRON Pol CHAMBOST Roger COLLET Robert DEBLANDER Juliette DEREL Jean DERVAL Denise GATARD Andr\u00e9 GROULT Pierre GUARICHE Jacques INNOCENTI Vassil IVANOFF Mado JOLAIN Elisabeth JOULIA Georges JOUVE Alexandre KOSTANDA Jacqueline LECOQ Jean LERAT Jacqueline LERAT [&hellip;]<\/p>\n","protected":false},"author":1,"featured_media":0,"parent":0,"menu_order":0,"comment_status":"closed","ping_status":"closed","template":"","meta":{"footnotes":""},"class_list":["post-5712","page","type-page","status-publish","hentry"],"acf":[],"_links":{"self":[{"href":"https:\/\/thomasfritsch.fr\/en\/wp-json\/wp\/v2\/pages\/5712","targetHints":{"allow":["GET"]}}],"collection":[{"href":"https:\/\/thomasfritsch.fr\/en\/wp-json\/wp\/v2\/pages"}],"about":[{"href":"https:\/\/thomasfritsch.fr\/en\/wp-json\/wp\/v2\/types\/page"}],"author":[{"embeddable":true,"href":"https:\/\/thomasfritsch.fr\/en\/wp-json\/wp\/v2\/users\/1"}],"replies":[{"embeddable":true,"href":"https:\/\/thomasfritsch.fr\/en\/wp-json\/wp\/v2\/comments?post=5712"}],"version-history":[{"count":8,"href":"https:\/\/thomasfritsch.fr\/en\/wp-json\/wp\/v2\/pages\/5712\/revisions"}],"predecessor-version":[{"id":6678,"href":"https:\/\/thomasfritsch.fr\/en\/wp-json\/wp\/v2\/pages\/5712\/revisions\/6678"}],"wp:attachment":[{"href":"https:\/\/thomasfritsch.fr\/en\/wp-json\/wp\/v2\/media?parent=5712"}],"curies":[{"name":"wp","href":"https:\/\/api.w.org\/{rel}","templated":true}]}}